{"id":3755,"date":"2022-01-23T14:13:07","date_gmt":"2022-01-23T14:13:07","guid":{"rendered":"https:\/\/mariliislaanemaa.com\/?page_id=3755"},"modified":"2024-08-22T06:04:23","modified_gmt":"2024-08-22T06:04:23","slug":"piltide-tellimine","status":"publish","type":"page","link":"https:\/\/mariliislaanemaa.com\/eng\/piltide-tellimine\/","title":{"rendered":"Ordering an artwork"},"content":{"rendered":"<div class=\"wpb-content-wrapper\"><div class=\"vc-row-container vc-row-container--stretch-content\"><div data-vc-full-width=\"true\" data-vc-full-width-temp=\"true\" data-vc-full-width-init=\"false\" data-vc-stretch-content=\"true\" data-vc-parallax=\"1.5\" class=\"vc_row wpb_row vc_row-fluid vc_custom_1674461969975 vc_row-has-fill vc_general vc_parallax vc_parallax-content-moving\"><div class=\"wpb_column vc_column_container vc_col-sm-2 vc_hidden-sm vc_hidden-xs\"><div class=\"vc_column-inner vc_custom_1617205113266\"><div class=\"wpb_wrapper\"><\/div><\/div><\/div><div class=\"wpb_column vc_column_container vc_col-sm-8 vc_hidden-sm vc_hidden-xs\"><div class=\"vc_column-inner\"><div class=\"wpb_wrapper\"><div class=\"vc_empty_space\"   style=\"height: 250px\"><span class=\"vc_empty_space_inner\"><\/span><\/div><h2 style=\"font-size: 35px;color: #ffffff;text-align: center\" class=\"vc_custom_heading vc_do_custom_heading vc_custom_1642953949638\" ><\/h2><div class=\"vc_empty_space\"   style=\"height: 250px\"><span class=\"vc_empty_space_inner\"><\/span><\/div><\/div><\/div><\/div><div class=\"wpb_column vc_column_container vc_col-sm-2 vc_hidden-sm vc_hidden-xs\"><div class=\"vc_column-inner\"><div class=\"wpb_wrapper\"><\/div><\/div><\/div><\/div><div class=\"vc_row-full-width vc_clearfix\"><\/div><\/div><div class=\"vc-row-container vc-row-container--stretch-content\"><div data-vc-full-width=\"true\" data-vc-full-width-temp=\"true\" data-vc-full-width-init=\"false\" data-vc-stretch-content=\"true\" class=\"vc_row wpb_row vc_row-fluid vc_custom_1618476043102 vc_row-has-fill vc_row-o-content-middle vc_row-flex\"><div class=\"wpb_column vc_column_container vc_col-sm-12 vc_hidden-sm vc_hidden-xs\"><div class=\"vc_column-inner\"><div class=\"wpb_wrapper\"><div class=\"vc_empty_space\"   style=\"height: 60px\"><span class=\"vc_empty_space_inner\"><\/span><\/div><\/div><\/div><\/div><\/div><div class=\"vc_row-full-width vc_clearfix\"><\/div><\/div><div class=\"vc-row-container vc-row-container--stretch-content\"><div data-vc-full-width=\"true\" data-vc-full-width-temp=\"true\" data-vc-full-width-init=\"false\" data-vc-stretch-content=\"true\" class=\"vc_row wpb_row vc_row-fluid vc_custom_1642967560472 vc_row-has-fill vc_row-o-content-middle vc_row-flex\"><div class=\"wpb_column vc_column_container vc_col-sm-12 vc_hidden-lg vc_hidden-md\"><div class=\"vc_column-inner\"><div class=\"wpb_wrapper\"><div class=\"vc_empty_space\"   style=\"height: 100px\"><span class=\"vc_empty_space_inner\"><\/span><\/div><\/div><\/div><\/div><\/div><div class=\"vc_row-full-width vc_clearfix\"><\/div><\/div><div class=\"vc-row-container vc-row-container--stretch-content\"><div data-vc-full-width=\"true\" data-vc-full-width-temp=\"true\" data-vc-full-width-init=\"false\" data-vc-stretch-content=\"true\" class=\"vc_row wpb_row vc_row-fluid vc_custom_1642967581635 vc_row-has-fill vc_row-o-content-middle vc_row-flex\"><div class=\"wpb_column vc_column_container vc_col-sm-12 vc_hidden-lg vc_hidden-md\"><div class=\"vc_column-inner\"><div class=\"wpb_wrapper\"><div class=\"vc_empty_space\"   style=\"height: 30px\"><span class=\"vc_empty_space_inner\"><\/span><\/div><\/div><\/div><\/div><\/div><div class=\"vc_row-full-width vc_clearfix\"><\/div><\/div><div class=\"vc-row-container container\"><div class=\"vc_row wpb_row vc_row-fluid\"><div class=\"wpb_column vc_column_container vc_col-sm-2\"><div class=\"vc_column-inner\"><div class=\"wpb_wrapper\"><\/div><\/div><\/div><div class=\"wpb_column vc_column_container vc_col-sm-8\"><div class=\"vc_column-inner\"><div class=\"wpb_wrapper\"><h2 style=\"font-size: 35px;text-align: center\" class=\"vc_custom_heading vc_do_custom_heading\" >Ordering an artwork<\/h2><div class=\"vc_empty_space\"   style=\"height: 32px\"><span class=\"vc_empty_space_inner\"><\/span><\/div>\n\t<div class=\"wpb_text_column wpb_content_element post-formatting\" >\n\t\t<div class=\"wpb_wrapper\">\n\t\t\t<p>Contact me to order a print<br \/>\n<a href=\"mailto:info@mariliislaanemaa.com\">info@mariliislaanemaa.com<\/a><br \/>\n+372 566 18468<\/p>\n<p>&nbsp;<\/p>\n<p>The works can be viewed and picked up by prior arrangement at ARS Art City in Tallinn, P\u00e4rnu mnt 154. I also ship the pictures worldwide.<\/p>\n\n\t\t<\/div>\n\t<\/div>\n<div class=\"vc_empty_space\"   style=\"height: 32px\"><span class=\"vc_empty_space_inner\"><\/span><\/div><\/div><\/div><\/div><div class=\"wpb_column vc_column_container vc_col-sm-2\"><div class=\"vc_column-inner\"><div class=\"wpb_wrapper\"><\/div><\/div><\/div><\/div><\/div><div class=\"vc-row-container container\"><div class=\"vc_row wpb_row vc_row-fluid\"><div class=\"wpb_column vc_column_container vc_col-sm-2\"><div class=\"vc_column-inner\"><div class=\"wpb_wrapper\"><\/div><\/div><\/div><div class=\"wpb_column vc_column_container vc_col-sm-4\"><div class=\"vc_column-inner\"><div class=\"wpb_wrapper\">\n\t<div class=\"wpb_text_column wpb_content_element post-formatting\" >\n\t\t<div class=\"wpb_wrapper\">\n\t\t\t<p><img loading=\"lazy\" decoding=\"async\" class=\"alignnone wp-image-4049 size-full\" src=\"https:\/\/mariliislaanemaa.com\/wp-content\/uploads\/2024\/07\/ars-kunstilinnak-1.jpg\" alt=\"\" width=\"1000\" height=\"820\" srcset=\"https:\/\/mariliislaanemaa.com\/wp-content\/uploads\/2024\/07\/ars-kunstilinnak-1.jpg 1000w, https:\/\/mariliislaanemaa.com\/wp-content\/uploads\/2024\/07\/ars-kunstilinnak-1-300x246.jpg 300w, https:\/\/mariliislaanemaa.com\/wp-content\/uploads\/2024\/07\/ars-kunstilinnak-1-768x630.jpg 768w, https:\/\/mariliislaanemaa.com\/wp-content\/uploads\/2024\/07\/ars-kunstilinnak-1-15x12.jpg 15w, https:\/\/mariliislaanemaa.com\/wp-content\/uploads\/2024\/07\/ars-kunstilinnak-1-806x661.jpg 806w, https:\/\/mariliislaanemaa.com\/wp-content\/uploads\/2024\/07\/ars-kunstilinnak-1-558x458.jpg 558w, https:\/\/mariliislaanemaa.com\/wp-content\/uploads\/2024\/07\/ars-kunstilinnak-1-655x537.jpg 655w\" sizes=\"auto, (max-width: 1000px) 100vw, 1000px\" \/><\/p>\n\n\t\t<\/div>\n\t<\/div>\n<\/div><\/div><\/div><div class=\"wpb_column vc_column_container vc_col-sm-4\"><div class=\"vc_column-inner\"><div class=\"wpb_wrapper\"><div class=\"wpb_gmaps_widget wpb_content_element\"><div class=\"wpb_wrapper\"><div class=\"wpb_map_wraper\"><iframe src=\"https:\/\/www.google.com\/maps\/embed?pb=!1m18!1m12!1m3!1d2030.4638000111!2d24.732139777551602!3d59.40865797465287!2m3!1f0!2f0!3f0!3m2!1i1024!2i768!4f13.1!3m3!1m2!1s0x469294c19d57b243%3A0x809825308724eb79!2sARS%20Kunstilinnak!5e0!3m2!1set!2see!4v1722324527793!5m2!1set!2see\" width=\"600\" height=\"450\" style=\"border:0;\" allowfullscreen=\"\" loading=\"lazy\" referrerpolicy=\"no-referrer-when-downgrade\"><\/iframe><\/div><\/div><\/div><\/div><\/div><\/div><div class=\"wpb_column vc_column_container vc_col-sm-2\"><div class=\"vc_column-inner\"><div class=\"wpb_wrapper\"><\/div><\/div><\/div><\/div><\/div><div class=\"vc-row-container container\"><div class=\"vc_row wpb_row vc_row-fluid\"><div class=\"wpb_column vc_column_container vc_col-sm-2\"><div class=\"vc_column-inner\"><div class=\"wpb_wrapper\"><\/div><\/div><\/div><div class=\"wpb_column vc_column_container vc_col-sm-8\"><div class=\"vc_column-inner\"><div class=\"wpb_wrapper\"><div class=\"vc_empty_space\"   style=\"height: 32px\"><span class=\"vc_empty_space_inner\"><\/span><\/div>\n\t<div class=\"wpb_text_column wpb_content_element post-formatting\" >\n\t\t<div class=\"wpb_wrapper\">\n\t\t\t<p><img loading=\"lazy\" decoding=\"async\" class=\"aligncenter wp-image-3266\" src=\"https:\/\/mariliislaanemaa.com\/wp-content\/uploads\/2021\/04\/Mari-Liis-Laanemaa-taht-kuld-60.png\" alt=\"\" width=\"30\" height=\"30\" srcset=\"https:\/\/mariliislaanemaa.com\/wp-content\/uploads\/2021\/04\/Mari-Liis-Laanemaa-taht-kuld-60.png 60w, https:\/\/mariliislaanemaa.com\/wp-content\/uploads\/2021\/04\/Mari-Liis-Laanemaa-taht-kuld-60-12x12.png 12w\" sizes=\"auto, (max-width: 30px) 100vw, 30px\" \/><\/p>\n\n\t\t<\/div>\n\t<\/div>\n<div class=\"vc_empty_space\"   style=\"height: 32px\"><span class=\"vc_empty_space_inner\"><\/span><\/div><\/div><\/div><\/div><div class=\"wpb_column vc_column_container vc_col-sm-2\"><div class=\"vc_column-inner\"><div class=\"wpb_wrapper\"><\/div><\/div><\/div><\/div><\/div><div class=\"vc-row-container container\"><div class=\"vc_row wpb_row vc_row-fluid\"><div class=\"wpb_column vc_column_container vc_col-sm-2\"><div class=\"vc_column-inner\"><div class=\"wpb_wrapper\"><\/div><\/div><\/div><div class=\"wpb_column vc_column_container vc_col-sm-8\"><div class=\"vc_column-inner\"><div class=\"wpb_wrapper\">\n\t<div class=\"wpb_text_column wpb_content_element post-formatting\" >\n\t\t<div class=\"wpb_wrapper\">\n\t\t\t<h4>Sizes<\/h4>\n<p>Most of the pictures can be ordered in 4 sizes:<\/p>\n<p>25 x 26 cm (image 15x15 cm)<br \/>\n52 x 52,5 cm (image 38 x 38cm)<br \/>\n81 x 82,5 cm (image 68x68 cm)<br \/>\n102 x 103 cm (image 88x88 cm)<\/p>\n<p>Many standard-sized images are available immediately. Custom sizes can also be made to order. Ordered images will be completed in approximately 1 week.<\/p>\n<p><img decoding=\"async\" class=\"aligncenter wp-image-4126 size-full\" src=\"https:\/\/mariliislaanemaa.com\/wp-content\/uploads\/2024\/08\/Piltidemoodud4.svg\" alt=\"\" \/><\/p>\n<p>&nbsp;<\/p>\n<h4>Paper<\/h4>\n<p>I mostly print my images using digital pigment printing on Canson\u00ae Infinity Edition Etching Rag paper. This strong, 100% cotton, 310 gsm paper meets the ISO9706 fade-resistance standard and guarantees the longevity of the work for many years.<\/p>\n<p>&nbsp;<\/p>\n<h4>Mount board<\/h4>\n<p>For images up to 50 cm in size, the price includes a full white, acid-free mat (passe-partout) and backing board. This ensures the image is safely protected, and you can conveniently order a frame that fits your interior decor.<\/p>\n<p>&nbsp;<\/p>\n<h4>Frames<\/h4>\n<p>For images up to 50 cm in size, there are fine gold and silver aluminum profile frames available immediately. The works are protected by 2mm glass and the frames come with hanging hooks. The price of the frame depends on the chosen materials and is added to the price of the image. Custom frames will be completed in approximately 2 weeks.<\/p>\n<p>Prices for aluminum frames are:<br \/>\n25 x 26 cm 45\u20ac<br \/>\n52 x 52,5 cm 80\u20ac<\/p>\n<p>&nbsp;<\/p>\n<h4>Canvas<\/h4>\n<p>All works can also be printed on full mat premium art canvas stretched on a 2 or 4 cm thick base frame. Canvas pictures come with a hanging wire.<\/p>\n\n\t\t<\/div>\n\t<\/div>\n<div class=\"vc_empty_space\"   style=\"height: 32px\"><span class=\"vc_empty_space_inner\"><\/span><\/div><\/div><\/div><\/div><div class=\"wpb_column vc_column_container vc_col-sm-2\"><div class=\"vc_column-inner\"><div class=\"wpb_wrapper\"><\/div><\/div><\/div><\/div><\/div><div class=\"vc-row-container container\"><div class=\"vc_row wpb_row vc_row-fluid\"><div class=\"wpb_column vc_column_container vc_col-sm-12\"><div class=\"vc_column-inner\"><div class=\"wpb_wrapper\"><div class=\"vc_empty_space\"   style=\"height: 100px\"><span class=\"vc_empty_space_inner\"><\/span><\/div><\/div><\/div><\/div><\/div><\/div><div class=\"vc-row-container container\"><div class=\"vc_row wpb_row vc_row-fluid\"><div class=\"wpb_column vc_column_container vc_col-sm-2\"><div class=\"vc_column-inner\"><div class=\"wpb_wrapper\"><\/div><\/div><\/div><div class=\"wpb_column vc_column_container vc_col-sm-8\"><div class=\"vc_column-inner\"><div class=\"wpb_wrapper\"><div class=\"vc_empty_space\"   style=\"height: 32px\"><span class=\"vc_empty_space_inner\"><\/span><\/div><div class=\"vc_btn3-container vc_btn3-center vc_do_btn\" ><a class=\"vc_general vc_btn3 vc_btn3-size-lg vc_btn3-shape-rounded vc_btn3-style-classic vc_btn3-color-chino\" href=\"https:\/\/mariliislaanemaa.com\/eng\/#algus\" title=\"\">Back to the gallery<\/a><\/div><div class=\"vc_empty_space\"   style=\"height: 100px\"><span class=\"vc_empty_space_inner\"><\/span><\/div><\/div><\/div><\/div><div class=\"wpb_column vc_column_container vc_col-sm-2\"><div class=\"vc_column-inner\"><div class=\"wpb_wrapper\"><\/div><\/div><\/div><\/div><\/div><div class=\"vc-row-container container\"><\/div><div class=\"vc-row-container container\"><div class=\"vc_row wpb_row vc_row-fluid\"><div class=\"wpb_column vc_column_container vc_col-sm-12\"><div class=\"vc_column-inner\"><div class=\"wpb_wrapper\"><div class=\"vc_empty_space\"   style=\"height: 50px\"><span class=\"vc_empty_space_inner\"><\/span><\/div><\/div><\/div><\/div><\/div><\/div>\n<\/div>","protected":false},"excerpt":{"rendered":"Piltide tellimine Pildi tellimiseks v\u00f5ta minuga \u00fchendust: info@mariliislaanemaa.com +372 566 18468 &nbsp; T\u00f6id saab vaadata ja j\u00e4rele tulla eelneval kokkuleppel ARS Kunstilinnakus Tallinnas, P\u00e4rnu mnt 154. Soovi korral saadan pildid kulleri v\u00f5i pakiautomaadiga. Suurused Enamus pilte on v\u00f5imalik tellida 4 m\u00f5\u00f5dus: 25 x 26 cm (kujutis 15 x 15 cm) 52 x 52,5 cm (kujutis&hellip;","protected":false},"author":1,"featured_media":3785,"parent":0,"menu_order":0,"comment_status":"closed","ping_status":"closed","template":"","meta":{"_monsterinsights_skip_tracking":false,"_monsterinsights_sitenote_active":false,"_monsterinsights_sitenote_note":"","_monsterinsights_sitenote_category":0,"footnotes":""},"class_list":["post-3755","page","type-page","status-publish","has-post-thumbnail","hentry"],"acf":[],"aioseo_notices":[],"_links":{"self":[{"href":"https:\/\/mariliislaanemaa.com\/eng\/wp-json\/wp\/v2\/pages\/3755","targetHints":{"allow":["GET"]}}],"collection":[{"href":"https:\/\/mariliislaanemaa.com\/eng\/wp-json\/wp\/v2\/pages"}],"about":[{"href":"https:\/\/mariliislaanemaa.com\/eng\/wp-json\/wp\/v2\/types\/page"}],"author":[{"embeddable":true,"href":"https:\/\/mariliislaanemaa.com\/eng\/wp-json\/wp\/v2\/users\/1"}],"replies":[{"embeddable":true,"href":"https:\/\/mariliislaanemaa.com\/eng\/wp-json\/wp\/v2\/comments?post=3755"}],"version-history":[{"count":80,"href":"https:\/\/mariliislaanemaa.com\/eng\/wp-json\/wp\/v2\/pages\/3755\/revisions"}],"predecessor-version":[{"id":4369,"href":"https:\/\/mariliislaanemaa.com\/eng\/wp-json\/wp\/v2\/pages\/3755\/revisions\/4369"}],"wp:featuredmedia":[{"embeddable":true,"href":"https:\/\/mariliislaanemaa.com\/eng\/wp-json\/wp\/v2\/media\/3785"}],"wp:attachment":[{"href":"https:\/\/mariliislaanemaa.com\/eng\/wp-json\/wp\/v2\/media?parent=3755"}],"curies":[{"name":"wp","href":"https:\/\/api.w.org\/{rel}","templated":true}]}}