{"id":142,"date":"2017-06-03T06:25:28","date_gmt":"2017-06-03T06:25:28","guid":{"rendered":"https:\/\/mariliislaanemaa.com\/?page_id=142"},"modified":"2024-08-19T18:10:21","modified_gmt":"2024-08-19T18:10:21","slug":"tootoad","status":"publish","type":"page","link":"https:\/\/mariliislaanemaa.com\/eng\/tootoad\/","title":{"rendered":"Workshops"},"content":{"rendered":"<div class=\"wpb-content-wrapper\"><div class=\"vc-row-container container\"><div class=\"vc_row wpb_row vc_row-fluid\"><div class=\"wpb_column vc_column_container vc_col-sm-2\"><div class=\"vc_column-inner\"><div class=\"wpb_wrapper\"><\/div><\/div><\/div><div class=\"wpb_column vc_column_container vc_col-sm-8\"><div class=\"vc_column-inner\"><div class=\"wpb_wrapper\"><div class=\"vc_empty_space\"   style=\"height: 100px\"><span class=\"vc_empty_space_inner\"><\/span><\/div>\n\t<div class=\"wpb_text_column wpb_content_element post-formatting\" >\n\t\t<div class=\"wpb_wrapper\">\n\t\t\t<p><img loading=\"lazy\" decoding=\"async\" class=\"aligncenter wp-image-3383 size-medium\" src=\"https:\/\/mariliislaanemaa.com\/wp-content\/uploads\/2021\/04\/Mari-Liis-Laanemaa-Tootoad-mob-600-300x300.jpg\" alt=\"\" width=\"300\" height=\"300\" srcset=\"https:\/\/mariliislaanemaa.com\/wp-content\/uploads\/2021\/04\/Mari-Liis-Laanemaa-Tootoad-mob-600-300x300.jpg 300w, https:\/\/mariliislaanemaa.com\/wp-content\/uploads\/2021\/04\/Mari-Liis-Laanemaa-Tootoad-mob-600-150x150.jpg 150w, https:\/\/mariliislaanemaa.com\/wp-content\/uploads\/2021\/04\/Mari-Liis-Laanemaa-Tootoad-mob-600-12x12.jpg 12w, https:\/\/mariliislaanemaa.com\/wp-content\/uploads\/2021\/04\/Mari-Liis-Laanemaa-Tootoad-mob-600-468x468.jpg 468w, https:\/\/mariliislaanemaa.com\/wp-content\/uploads\/2021\/04\/Mari-Liis-Laanemaa-Tootoad-mob-600-558x558.jpg 558w, https:\/\/mariliislaanemaa.com\/wp-content\/uploads\/2021\/04\/Mari-Liis-Laanemaa-Tootoad-mob-600-220x220.jpg 220w, https:\/\/mariliislaanemaa.com\/wp-content\/uploads\/2021\/04\/Mari-Liis-Laanemaa-Tootoad-mob-600.jpg 600w\" sizes=\"auto, (max-width: 300px) 100vw, 300px\" \/><\/p>\n\n\t\t<\/div>\n\t<\/div>\n<div class=\"vc_empty_space\"   style=\"height: 10px\"><span class=\"vc_empty_space_inner\"><\/span><\/div><h2 style=\"font-size: 35px;color: #000000;text-align: center\" class=\"vc_custom_heading vc_do_custom_heading\" >Workshops<\/h2><div class=\"vc_empty_space\"   style=\"height: 10px\"><span class=\"vc_empty_space_inner\"><\/span><\/div>\n\t<div class=\"wpb_text_column wpb_content_element post-formatting\" >\n\t\t<div class=\"wpb_wrapper\">\n\t\t\t<p style=\"text-align: center;\">You don't have to be good at drawing to make great art!<\/p>\n\n\t\t<\/div>\n\t<\/div>\n<\/div><\/div><\/div><div class=\"wpb_column vc_column_container vc_col-sm-2\"><div class=\"vc_column-inner\"><div class=\"wpb_wrapper\"><\/div><\/div><\/div><\/div><\/div><div class=\"vc-row-container container\"><div class=\"vc_row wpb_row vc_row-fluid\"><div class=\"wpb_column vc_column_container vc_col-sm-2\"><div class=\"vc_column-inner\"><div class=\"wpb_wrapper\"><\/div><\/div><\/div><div class=\"wpb_column vc_column_container vc_col-sm-8\"><div class=\"vc_column-inner\"><div class=\"wpb_wrapper\"><div class=\"vc_empty_space\"   style=\"height: 20px\"><span class=\"vc_empty_space_inner\"><\/span><\/div>\n\t<div class=\"wpb_text_column wpb_content_element post-formatting\" >\n\t\t<div class=\"wpb_wrapper\">\n\t\t\t<p style=\"text-align: center;\">I believe that everyone can actually draw. Maybe you just haven't done it for a long time. All young children start drawing when they are given paper and pencils. They don't doubt themselves, they just draw. The same goes for singing, dancing, and rejoicing.<\/p>\n<p style=\"text-align: center;\"><span class=\"\">\u2022\u00a0<\/span><\/p>\n<p style=\"text-align: center;\">In my workshops, I often see that the person who just said, \"I can't draw,\" is doing the best job. I've always said that if you can hold a pencil, you can draw.<\/p>\n\n\t\t<\/div>\n\t<\/div>\n<div class=\"vc_empty_space\"   style=\"height: 75px\"><span class=\"vc_empty_space_inner\"><\/span><\/div><\/div><\/div><\/div><div class=\"wpb_column vc_column_container vc_col-sm-2\"><div class=\"vc_column-inner\"><div class=\"wpb_wrapper\"><\/div><\/div><\/div><\/div><\/div><div class=\"vc-row-container container\"><div data-vc-full-width=\"true\" data-vc-full-width-temp=\"true\" data-vc-full-width-init=\"false\" class=\"vc_row wpb_row vc_row-fluid row-stretch\"><div class=\"wpb_column vc_column_container vc_col-sm-2\"><div class=\"vc_column-inner\"><div class=\"wpb_wrapper\"><\/div><\/div><\/div><div class=\"wpb_column vc_column_container vc_col-sm-8\"><div class=\"vc_column-inner\"><div class=\"wpb_wrapper\">\n\t<div class=\"wpb_text_column wpb_content_element post-formatting\" >\n\t\t<div class=\"wpb_wrapper\">\n\t\t\t<p><img loading=\"lazy\" decoding=\"async\" class=\"aligncenter wp-image-3265\" src=\"https:\/\/mariliislaanemaa.com\/wp-content\/uploads\/2021\/04\/Mari-Liis-Laanemaa-taht-must-60.png\" alt=\"\" width=\"30\" height=\"30\" srcset=\"https:\/\/mariliislaanemaa.com\/wp-content\/uploads\/2021\/04\/Mari-Liis-Laanemaa-taht-must-60.png 60w, https:\/\/mariliislaanemaa.com\/wp-content\/uploads\/2021\/04\/Mari-Liis-Laanemaa-taht-must-60-12x12.png 12w\" sizes=\"auto, (max-width: 30px) 100vw, 30px\" \/><\/p>\n\n\t\t<\/div>\n\t<\/div>\n<div class=\"vc_empty_space\"   style=\"height: 75px\"><span class=\"vc_empty_space_inner\"><\/span><\/div><h2 style=\"font-size: 26px;color: #000000;text-align: center\" class=\"vc_custom_heading vc_do_custom_heading vc_custom_1618410799010\" >Let's draw a mandala!<\/h2><div class=\"vc_empty_space\"   style=\"height: 20px\"><span class=\"vc_empty_space_inner\"><\/span><\/div>\n\t<div class=\"wpb_text_column wpb_content_element post-formatting\" >\n\t\t<div class=\"wpb_wrapper\">\n\t\t\t<p style=\"text-align: center;\"><span style=\"color: #000000;\"><span style=\"color: #000000;\">We can organize a personal mandala workshop, a birthday mandala drawing or team building event.<\/span><br \/>\n<span style=\"color: #000000;\">Contact me to help create your perfect event!<\/span><\/span><\/p>\n\n\t\t<\/div>\n\t<\/div>\n<div class=\"vc_empty_space\"   style=\"height: 20px\"><span class=\"vc_empty_space_inner\"><\/span><\/div>\n<div class=\"vc_grid-container-wrapper vc_clearfix vc_grid-animation-none\">\n\t<div class=\"vc_grid-container vc_clearfix wpb_content_element vc_media_grid\" data-initial-loading-animation=\"none\" data-vc-grid-settings=\"{&quot;page_id&quot;:142,&quot;style&quot;:&quot;all&quot;,&quot;action&quot;:&quot;vc_get_vc_grid_data&quot;,&quot;shortcode_id&quot;:&quot;1724090974831-45d26e9f-e933-1&quot;,&quot;tag&quot;:&quot;vc_media_grid&quot;}\" data-vc-request=\"https:\/\/mariliislaanemaa.com\/wp-admin\/admin-ajax.php\" data-vc-post-id=\"142\" data-vc-public-nonce=\"82821df37e\">\n\t\t\n\t<\/div>\n<\/div><div class=\"vc_empty_space\"   style=\"height: 75px\"><span class=\"vc_empty_space_inner\"><\/span><\/div><\/div><\/div><\/div><div class=\"wpb_column vc_column_container vc_col-sm-2\"><div class=\"vc_column-inner\"><div class=\"wpb_wrapper\"><\/div><\/div><\/div><\/div><div class=\"vc_row-full-width vc_clearfix\"><\/div><\/div><div class=\"vc-row-container container\"><\/div>\n<\/div>","protected":false},"excerpt":{"rendered":"T\u00f6\u00f6toad Sa ei pea oskama joonistada, et teha suurep\u00e4rast kunsti Usun, et iga inimene oskab tegelikult joonistada. V\u00f5ib-olla pole ta seda lihtsalt ammu teinud. K\u00f5ik v\u00e4ikesed lapsed hakkavad joonistama, kui neile paber ja pliiatsid k\u00e4tte anda. Nad ei kahtle endas, nad lihtsalt joonistavad. Sama kehtib laulmise, tantsimise ja r\u00f5\u00f5mustamise kohta. Mingil hetkel me unustame selle&hellip;","protected":false},"author":1,"featured_media":0,"parent":0,"menu_order":0,"comment_status":"closed","ping_status":"closed","template":"","meta":{"_monsterinsights_skip_tracking":false,"_monsterinsights_sitenote_active":false,"_monsterinsights_sitenote_note":"","_monsterinsights_sitenote_category":0,"footnotes":""},"class_list":["post-142","page","type-page","status-publish","hentry"],"acf":[],"aioseo_notices":[],"_links":{"self":[{"href":"https:\/\/mariliislaanemaa.com\/eng\/wp-json\/wp\/v2\/pages\/142","targetHints":{"allow":["GET"]}}],"collection":[{"href":"https:\/\/mariliislaanemaa.com\/eng\/wp-json\/wp\/v2\/pages"}],"about":[{"href":"https:\/\/mariliislaanemaa.com\/eng\/wp-json\/wp\/v2\/types\/page"}],"author":[{"embeddable":true,"href":"https:\/\/mariliislaanemaa.com\/eng\/wp-json\/wp\/v2\/users\/1"}],"replies":[{"embeddable":true,"href":"https:\/\/mariliislaanemaa.com\/eng\/wp-json\/wp\/v2\/comments?post=142"}],"version-history":[{"count":100,"href":"https:\/\/mariliislaanemaa.com\/eng\/wp-json\/wp\/v2\/pages\/142\/revisions"}],"predecessor-version":[{"id":4306,"href":"https:\/\/mariliislaanemaa.com\/eng\/wp-json\/wp\/v2\/pages\/142\/revisions\/4306"}],"wp:attachment":[{"href":"https:\/\/mariliislaanemaa.com\/eng\/wp-json\/wp\/v2\/media?parent=142"}],"curies":[{"name":"wp","href":"https:\/\/api.w.org\/{rel}","templated":true}]}}